{"id":44,"date":"2017-10-31T08:17:22","date_gmt":"2017-10-31T07:17:22","guid":{"rendered":"http:\/\/nelmed.pl\/?page_id=44"},"modified":"2026-03-26T22:31:06","modified_gmt":"2026-03-26T21:31:06","slug":"gabinet","status":"publish","type":"page","link":"http:\/\/nelmed.pl\/index.php\/gabinet\/","title":{"rendered":"Gabinet dr Bernacka"},"content":{"rendered":"<h4>Prywatny gabinet Laryngologiczny prowadzony jest przez <strong>dr Korneli\u0119 Bernack\u0105 &#8211; specjalist\u0119 Otorynolaryngologa i Alergologa<\/strong><\/h4>\n<h4><span style=\"color: #ff0000;\"><strong>Rejestracja telefoniczna pod nr 77 457 74 04<\/strong><\/span><\/h4>\n<h4>Znajduje si\u0119 w Poradni Nelmed Otorynolaryngologia w Opolu, ul. Aleja &#8222;Solidarno\u015bci&#8221; 26. \u00a0(parking przy Fitness FitMe).<\/h4>\n<h4><span style=\"color: #ff0000;\"><strong>W gabinecie realizowane s\u0105 wy\u0142\u0105cznie porady komercyjne !<\/strong><\/span><\/h4>\n<h4>Mo\u017cliwe s\u0105 p\u0142atno\u015bci kart\u0105 p\u0142atnicz\u0105.<\/h4>\n<h4>Cennik gabinetu :<\/h4>\n<ul>\n<li>\n<h4>Konsultacja (dane osobowe, wywiad, badanie, plan leczenia, zlecenia bada\u0144, recepty) &#8211; <strong><span style=\"color: #ff0000;\">300 PLN<\/span><\/strong><\/h4>\n<\/li>\n<li>\n<h4>Badanie VNG &#8211; <strong><span style=\"color: #ff0000;\">350 PLN<\/span><\/strong><\/h4>\n<\/li>\n<li>\n<h4>Badanie VNG z konsultacj\u0105 &#8211; <span style=\"color: #ff0000;\"><strong>500 PLN<\/strong><\/span><\/h4>\n<\/li>\n<li>\n<h4>Podci\u0119cie w\u0119dzide\u0142ka &#8211; <strong><span style=\"color: #ff0000;\">350 PLN<\/span><\/strong><\/h4>\n<\/li>\n<\/ul>\n<h4>Opr\u00f3cz standardowych porad medycznych, mo\u017cliwa jest tu szeroka gama bada\u0144 laryngologicznych, r\u00f3wnie\u017c wysoce specjalistycznych na profesjonalnym sprz\u0119cie medycznym :<\/h4>\n<ul>\n<li>\n<h4>badanie endoskopowe ucha, nosa, nosogard\u0142a, krtani<\/h4>\n<\/li>\n<li>\n<h4>badanie s\u0142uchu,<\/h4>\n<\/li>\n<li>\n<h4>badania zaburze\u0144 r\u00f3wnowagi (VNG).\u00a0W przypadku tego badania, prosz\u0119 o wcze\u015bniejszy kontakt telefoniczny, ze wzgl\u0119du na d\u0142u\u017cszy czas badania i konieczne przygotowanie pacjenta. Wi\u0119cej szczeg\u00f3\u0142\u00f3w w zak\u0142adce &#8222;Zaburzenia r\u00f3wnowagi&#8221;<\/h4>\n<\/li>\n<\/ul>\n<h4><span style=\"color: #ff0000;\"><strong>Rejestracja telefoniczna pod nr <\/strong><\/span><span style=\"color: #ff0000;\"><strong>77 457 74 04<\/strong><\/span><\/h4>\n<h4>\u00a0lub przez Rejestracj\u0119 Poradni w Opolu lub Ole\u015bnie<\/h4>\n","protected":false},"excerpt":{"rendered":"<p>Prywatny gabinet Laryngologiczny prowadzony jest przez dr Korneli\u0119 Bernack\u0105 &#8211; specjalist\u0119 Otorynolaryngologa i Alergologa Rejestracja telefoniczna pod nr 77 457 74 04 Znajduje si\u0119 w Poradni Nelmed Otorynolaryngologia w Opolu, ul. Aleja &#8222;Solidarno\u015bci&#8221; 26. \u00a0(parking przy Fitness FitMe). W gabinecie realizowane s\u0105 wy\u0142\u0105cznie porady komercyjne ! Mo\u017cliwe s\u0105 p\u0142atno\u015bci kart\u0105 p\u0142atnicz\u0105. Cennik gabinetu : Konsultacja&#8230;<\/p>\n<p class=\"more-link\"><a href=\"http:\/\/nelmed.pl\/index.php\/gabinet\/\"><span>Read More<\/span><i>&#43;<\/i><\/a><\/p>\n","protected":false},"author":1,"featured_media":0,"parent":0,"menu_order":0,"comment_status":"closed","ping_status":"closed","template":"","meta":{"footnotes":""},"class_list":["post-44","page","type-page","status-publish","hentry"],"_links":{"self":[{"href":"http:\/\/nelmed.pl\/index.php\/wp-json\/wp\/v2\/pages\/44","targetHints":{"allow":["GET"]}}],"collection":[{"href":"http:\/\/nelmed.pl\/index.php\/wp-json\/wp\/v2\/pages"}],"about":[{"href":"http:\/\/nelmed.pl\/index.php\/wp-json\/wp\/v2\/types\/page"}],"author":[{"embeddable":true,"href":"http:\/\/nelmed.pl\/index.php\/wp-json\/wp\/v2\/users\/1"}],"replies":[{"embeddable":true,"href":"http:\/\/nelmed.pl\/index.php\/wp-json\/wp\/v2\/comments?post=44"}],"version-history":[{"count":32,"href":"http:\/\/nelmed.pl\/index.php\/wp-json\/wp\/v2\/pages\/44\/revisions"}],"predecessor-version":[{"id":706,"href":"http:\/\/nelmed.pl\/index.php\/wp-json\/wp\/v2\/pages\/44\/revisions\/706"}],"wp:attachment":[{"href":"http:\/\/nelmed.pl\/index.php\/wp-json\/wp\/v2\/media?parent=44"}],"curies":[{"name":"wp","href":"https:\/\/api.w.org\/{rel}","templated":true}]}}