{"id":17,"date":"2017-10-30T20:49:55","date_gmt":"2017-10-30T19:49:55","guid":{"rendered":"http:\/\/nelmed.pl\/?page_id=17"},"modified":"2026-03-27T09:00:47","modified_gmt":"2026-03-27T08:00:47","slug":"zabiegi","status":"publish","type":"page","link":"http:\/\/nelmed.pl\/","title":{"rendered":"Home"},"content":{"rendered":"\n<div aria-live=\"polite\" id=\"soliloquy-container-317_1\" class=\"soliloquy-container soliloquy-transition-fade  soliloquy-theme-classic\" style=\"max-width:1500px;max-height:350px;\"><ul id=\"soliloquy-317_1\" class=\"soliloquy-slider soliloquy-slides soliloquy-wrap soliloquy-clear\"><li aria-hidden=\"true\" class=\"soliloquy-item soliloquy-item-1 soliloquy-image-slide\" draggable=\"false\" style=\"list-style:none\"><img decoding=\"async\" id=\"soliloquy-image-510\" class=\"soliloquy-image soliloquy-image-1\" src=\"http:\/\/nelmed.pl\/wp-content\/uploads\/2021\/06\/slide401.png\" alt=\"slide401\" \/><\/li><li aria-hidden=\"true\" class=\"soliloquy-item soliloquy-item-2 soliloquy-image-slide\" draggable=\"false\" style=\"list-style:none\"><img decoding=\"async\" id=\"soliloquy-image-512\" class=\"soliloquy-image soliloquy-image-2\" src=\"http:\/\/nelmed.pl\/wp-content\/uploads\/2021\/06\/slide402-1.png\" alt=\"slide402\" \/><\/li><li aria-hidden=\"true\" class=\"soliloquy-item soliloquy-item-3 soliloquy-image-slide\" draggable=\"false\" style=\"list-style:none\"><img decoding=\"async\" id=\"soliloquy-image-513\" class=\"soliloquy-image soliloquy-image-3\" src=\"http:\/\/nelmed.pl\/wp-content\/uploads\/2021\/06\/slide403.png\" alt=\"slide403\" \/><\/li><li aria-hidden=\"true\" class=\"soliloquy-item soliloquy-item-4 soliloquy-image-slide\" draggable=\"false\" style=\"list-style:none\"><img decoding=\"async\" id=\"soliloquy-image-521\" class=\"soliloquy-image soliloquy-image-4\" src=\"http:\/\/nelmed.pl\/wp-content\/uploads\/2021\/06\/slide407-1.png\" alt=\"slide407\" \/><\/li><li aria-hidden=\"true\" class=\"soliloquy-item soliloquy-item-5 soliloquy-image-slide\" draggable=\"false\" style=\"list-style:none\"><img decoding=\"async\" id=\"soliloquy-image-519\" class=\"soliloquy-image soliloquy-image-5\" src=\"http:\/\/nelmed.pl\/wp-content\/uploads\/2021\/06\/slide404-2.png\" alt=\"slide404\" \/><\/li><li aria-hidden=\"true\" class=\"soliloquy-item soliloquy-item-6 soliloquy-image-slide\" draggable=\"false\" style=\"list-style:none\"><img decoding=\"async\" id=\"soliloquy-image-520\" class=\"soliloquy-image soliloquy-image-6\" src=\"http:\/\/nelmed.pl\/wp-content\/uploads\/2021\/06\/slide405-1.png\" alt=\"slide405\" \/><\/li><li aria-hidden=\"true\" class=\"soliloquy-item soliloquy-item-7 soliloquy-image-slide\" draggable=\"false\" style=\"list-style:none\"><img decoding=\"async\" id=\"soliloquy-image-516\" class=\"soliloquy-image soliloquy-image-7\" src=\"http:\/\/nelmed.pl\/wp-content\/uploads\/2021\/06\/slide406.png\" alt=\"slide406\" \/><\/li><\/ul><\/div><noscript><style type=\"text\/css\">#soliloquy-container-317_1{opacity:1}<\/style><\/noscript>\n\n\n<div id=\"pl-gb17-69e4b11b41e7b\"  class=\"panel-layout wp-block-siteorigin-panels-layout-block\" ><div id=\"pg-gb17-69e4b11b41e7b-0\"  class=\"panel-grid panel-no-style\" ><div id=\"pgc-gb17-69e4b11b41e7b-0-0\"  class=\"panel-grid-cell\" ><div id=\"panel-gb17-69e4b11b41e7b-0-0-0\" class=\"so-panel widget widget_sow-editor panel-first-child panel-last-child\" data-index=\"0\" ><div\n\t\t\t\n\t\t\tclass=\"so-widget-sow-editor so-widget-sow-editor-base\"\n\t\t\t\n\t\t>\n<div class=\"siteorigin-widget-tinymce textwidget\">\n\t<\/div>\n<\/div><\/div><\/div><\/div><div id=\"pg-gb17-69e4b11b41e7b-1\"  class=\"panel-grid panel-no-style\" ><div id=\"pgc-gb17-69e4b11b41e7b-1-0\"  class=\"panel-grid-cell\" ><div id=\"panel-gb17-69e4b11b41e7b-1-0-0\" class=\"so-panel widget widget_sow-editor panel-first-child panel-last-child\" data-index=\"1\" ><div\n\t\t\t\n\t\t\tclass=\"so-widget-sow-editor so-widget-sow-editor-base\"\n\t\t\t\n\t\t>\n<div class=\"siteorigin-widget-tinymce textwidget\">\n\t<h4 style=\"text-align: center;\">Masz problem laryngologiczny wymagaj\u0105cy profesjonalnej diagnozy ?<br \/>\nPoszukujesz kompleksowej opieki laryngologicznej, audiologiczno-foniatrycznej czy logopedycznej ?<br \/>\nOczekujesz bada\u0144 na specjalistycznym sprz\u0119cie medycznym ?<br \/>\nNie masz czasu na kilkumiesi\u0119czne oczekiwanie na operacj\u0119 czy zabieg ?<\/h4>\n<h2 style=\"text-align: center;\"><span style=\"color: #ff0000;\"><strong>Witamy na stronie NELMED.PL<\/strong><\/span><\/h2>\n<h4 style=\"text-align: center;\">To miejsce, gdzie znajdziesz lekarzy specjalist\u00f3w w dziedzinie Otolaryngologii, Audiologii, Foniatrii, Logopedii, Neurologii oraz Alergologii.<\/h4>\n<h4 style=\"text-align: center;\">NELMED to specjalistyczna Poradnia Otolaryngologiczna i Neurologiczna realizuj\u0105ca kontrakt z NFZ, to tak\u017ce prywatny gabinet otolaryngologiczny, jak r\u00f3wnie\u017c komercyjne zabiegi laryngologiczne.<\/h4>\n<h4 style=\"text-align: center;\">Jeste\u015bmy do Pa\u0144stwa dyspozycji<\/h4>\n<\/div>\n<\/div><\/div><\/div><div id=\"pgc-gb17-69e4b11b41e7b-1-1\"  class=\"panel-grid-cell\" ><div id=\"panel-gb17-69e4b11b41e7b-1-1-0\" class=\"so-panel widget widget_sow-editor panel-first-child panel-last-child\" data-index=\"2\" ><div\n\t\t\t\n\t\t\tclass=\"so-widget-sow-editor so-widget-sow-editor-base\"\n\t\t\t\n\t\t>\n<div class=\"siteorigin-widget-tinymce textwidget\">\n\t<h1 style=\"text-align: center;\"><strong><span style=\"color: #ff0000;\">Szanowni Pa\u0144stwo. <\/span><\/strong><\/h1>\n<h4 style=\"text-align: center;\"><span style=\"color: #ff0000;\"><span style=\"caret-color: #ff0000;\">Informujemy, \u017ce od 1 kwietnia 2026r. zapraszamy do Poradni Alergologicznej, prowadzonej przez \u015bwiadczon\u0105 specjalistk\u0119 Alergologii i Pediatrii &#8211; dr Martyn\u0119 Gizler. Zapraszamy !<\/span><\/span><\/h4>\n<p>TEST<\/p>\n<p>&nbsp;<\/p>\n<p>&nbsp;<\/p>\n<\/div>\n<\/div><\/div><\/div><\/div><\/div>","protected":false},"excerpt":{"rendered":"","protected":false},"author":1,"featured_media":0,"parent":0,"menu_order":0,"comment_status":"closed","ping_status":"closed","template":"","meta":{"footnotes":""},"class_list":["post-17","page","type-page","status-publish","hentry"],"_links":{"self":[{"href":"http:\/\/nelmed.pl\/index.php\/wp-json\/wp\/v2\/pages\/17","targetHints":{"allow":["GET"]}}],"collection":[{"href":"http:\/\/nelmed.pl\/index.php\/wp-json\/wp\/v2\/pages"}],"about":[{"href":"http:\/\/nelmed.pl\/index.php\/wp-json\/wp\/v2\/types\/page"}],"author":[{"embeddable":true,"href":"http:\/\/nelmed.pl\/index.php\/wp-json\/wp\/v2\/users\/1"}],"replies":[{"embeddable":true,"href":"http:\/\/nelmed.pl\/index.php\/wp-json\/wp\/v2\/comments?post=17"}],"version-history":[{"count":51,"href":"http:\/\/nelmed.pl\/index.php\/wp-json\/wp\/v2\/pages\/17\/revisions"}],"predecessor-version":[{"id":737,"href":"http:\/\/nelmed.pl\/index.php\/wp-json\/wp\/v2\/pages\/17\/revisions\/737"}],"wp:attachment":[{"href":"http:\/\/nelmed.pl\/index.php\/wp-json\/wp\/v2\/media?parent=17"}],"curies":[{"name":"wp","href":"https:\/\/api.w.org\/{rel}","templated":true}]}}